{"id":13,"date":"2020-03-23T11:45:43","date_gmt":"2020-03-23T11:45:43","guid":{"rendered":"https:\/\/themes.muffingroup.com\/be\/event5\/?page_id=13"},"modified":"2021-03-05T08:57:07","modified_gmt":"2021-03-05T08:57:07","slug":"program","status":"publish","type":"page","link":"https:\/\/dev.bhedanismanlik.com\/index.php\/program\/","title":{"rendered":"Program"},"content":{"rendered":"\n<h2>Haftal\u0131k Etkinlik Program\u0131<\/h2>\n\n\n\n<div style=\"height:40px\" aria-hidden=\"true\" class=\"wp-block-spacer\"><\/div>\n\n\n\n<figure class=\"wp-block-table is-style-regular\"><table><tbody><tr><td class=\"has-text-align-left\" data-align=\"left\"><strong>Program<\/strong><\/td><td>Pazartesi<\/td><td>Sal\u0131<\/td><td>\u00c7ar\u015famba<\/td><td>Per\u015fmbe<\/td><td>Cuma<\/td><td>Cumartesi<\/td><td>Pazar<\/td><\/tr><tr><td class=\"has-text-align-left\" data-align=\"left\"><strong>09.00-11.00<\/strong><\/td><td><strong><strong>Nutriway sa\u011fl\u0131kl\u0131 ya\u015fam<\/strong><\/strong><\/td><td><\/td><td><\/td><td><\/td><td><\/td><td><\/td><td><\/td><\/tr><tr><td class=\"has-text-align-left\" data-align=\"left\"><strong>12.00-14.00<\/strong><\/td><td><\/td><td><strong>\u25cf<\/strong><\/td><td><strong>\u25cf<\/strong><\/td><td><\/td><td><\/td><td><\/td><td><\/td><\/tr><tr><td class=\"has-text-align-left\" data-align=\"left\"><strong>17.00-19.00<\/strong><\/td><td><\/td><td><\/td><td><\/td><td><strong><strong>E-Spring<\/strong><\/strong><\/td><td><\/td><td><\/td><td><\/td><\/tr><tr><td class=\"has-text-align-left\" data-align=\"left\"><strong>21.00-22.00<\/strong><\/td><td><\/td><td><\/td><td><\/td><td><\/td><td><strong>\u25cf<\/strong><\/td><td><strong>\u25cf<\/strong><\/td><td><\/td><\/tr><tr><td class=\"has-text-align-left\" data-align=\"left\"><strong>22.00-23.30<\/strong><\/td><td><\/td><td><\/td><td><\/td><td><\/td><td><\/td><td><\/td><td><strong>\u25cf<\/strong><\/td><\/tr><\/tbody><\/table><\/figure>\n\n\n\n<div style=\"height:80px\" aria-hidden=\"true\" class=\"wp-block-spacer\"><\/div>\n\n\n\n<h2>Haftal\u0131k Toplant\u0131 Program\u0131<\/h2>\n\n\n\n<div style=\"height:40px\" aria-hidden=\"true\" class=\"wp-block-spacer\"><\/div>\n\n\n\n<figure class=\"wp-block-table is-style-regular\"><table><tbody><tr><td class=\"has-text-align-left\" data-align=\"left\"><strong>Program<\/strong><\/td><td>Pazartesi<\/td><td>Sal\u0131<\/td><td>\u00c7ar\u015famba<\/td><td>Per\u015fembe<\/td><td>Cuma<\/td><td>Cumartesi<\/td><td>Pazar<\/td><\/tr><tr><td class=\"has-text-align-left\" data-align=\"left\"><strong><strong>09.00-11.00<\/strong><\/strong><\/td><td><strong>\u25cf<\/strong><\/td><td><\/td><td><\/td><td><\/td><td><\/td><td><\/td><td><\/td><\/tr><tr><td class=\"has-text-align-left\" data-align=\"left\"><strong><strong>12.00-14.00<\/strong><\/strong><\/td><td><\/td><td><strong>\u25cf<\/strong><\/td><td><\/td><td><\/td><td><\/td><td><\/td><td><\/td><\/tr><tr><td class=\"has-text-align-left\" data-align=\"left\"><strong><strong>17.00-19.00<\/strong><\/strong><\/td><td><\/td><td><\/td><td><strong>\u25cf<\/strong><\/td><td><\/td><td><\/td><td><\/td><td><\/td><\/tr><tr><td class=\"has-text-align-left\" data-align=\"left\"><strong><strong>21.00-22.00<\/strong><\/strong><\/td><td><\/td><td>S\u00fcrd\u00fcr\u00fclebilir Giri\u015fimcilik Tp.<\/td><td><\/td><td><strong>\u25cf<\/strong><\/td><td><strong>\u25cf<\/strong><\/td><td>At\u00f6lye<\/td><td><\/td><\/tr><tr><td class=\"has-text-align-left\" data-align=\"left\"><strong><strong>22.00-23.30<\/strong><\/strong><\/td><td><\/td><td><\/td><td><\/td><td><\/td><td><\/td><td><strong>LK+<\/strong><\/td><td><strong>\u25cf<\/strong><\/td><\/tr><\/tbody><\/table><\/figure>\n","protected":false},"excerpt":{"rendered":"<p>Haftal\u0131k Etkinlik Program\u0131 Program Pazartesi Sal\u0131 \u00c7ar\u015famba Per\u015fmbe Cuma Cumartesi Pazar 09.00-11.00 Nutriway sa\u011fl\u0131kl\u0131 ya\u015fam 12.00-14.00 \u25cf \u25cf 17.00-19.00 E-Spring 21.00-22.00 \u25cf \u25cf 22.00-23.30 \u25cf Haftal\u0131k<span class=\"excerpt-hellip\"> [\u2026]<\/span><\/p>\n","protected":false},"author":1,"featured_media":0,"parent":0,"menu_order":0,"comment_status":"closed","ping_status":"closed","template":"","meta":[],"_links":{"self":[{"href":"https:\/\/dev.bhedanismanlik.com\/index.php\/wp-json\/wp\/v2\/pages\/13"}],"collection":[{"href":"https:\/\/dev.bhedanismanlik.com\/index.php\/wp-json\/wp\/v2\/pages"}],"about":[{"href":"https:\/\/dev.bhedanismanlik.com\/index.php\/wp-json\/wp\/v2\/types\/page"}],"author":[{"embeddable":true,"href":"https:\/\/dev.bhedanismanlik.com\/index.php\/wp-json\/wp\/v2\/users\/1"}],"replies":[{"embeddable":true,"href":"https:\/\/dev.bhedanismanlik.com\/index.php\/wp-json\/wp\/v2\/comments?post=13"}],"version-history":[{"count":3,"href":"https:\/\/dev.bhedanismanlik.com\/index.php\/wp-json\/wp\/v2\/pages\/13\/revisions"}],"predecessor-version":[{"id":135,"href":"https:\/\/dev.bhedanismanlik.com\/index.php\/wp-json\/wp\/v2\/pages\/13\/revisions\/135"}],"wp:attachment":[{"href":"https:\/\/dev.bhedanismanlik.com\/index.php\/wp-json\/wp\/v2\/media?parent=13"}],"curies":[{"name":"wp","href":"https:\/\/api.w.org\/{rel}","templated":true}]}}